{"id":77,"date":"2024-12-28T15:06:40","date_gmt":"2024-12-28T14:06:40","guid":{"rendered":"https:\/\/solar-co.be\/?page_id=77"},"modified":"2025-01-10T20:17:57","modified_gmt":"2025-01-10T19:17:57","slug":"biscuits","status":"publish","type":"page","link":"https:\/\/solar-co.be\/fr\/cookies\/","title":{"rendered":"Cookies"},"content":{"rendered":"<div data-elementor-type=\"wp-page\" data-elementor-id=\"77\" class=\"elementor elementor-77\" data-elementor-post-type=\"page\">\n\t\t\t\t<div class=\"elementor-element elementor-element-5d6ba5d2 e-flex e-con-boxed e-con e-parent\" data-id=\"5d6ba5d2\" data-element_type=\"container\" data-e-type=\"container\" data-settings=\"{&quot;background_background&quot;:&quot;classic&quot;,&quot;jet_parallax_layout_list&quot;:[]}\">\n\t\t\t\t\t<div class=\"e-con-inner\">\n\t\t\t\t<div class=\"elementor-element elementor-element-7300a4bc elementor-widget elementor-widget-jet-breadcrumbs\" data-id=\"7300a4bc\" data-element_type=\"widget\" data-e-type=\"widget\" data-widget_type=\"jet-breadcrumbs.default\">\n\t\t\t\t<div class=\"elementor-widget-container\">\n\t\t\t\t\t<div class=\"elementor-jet-breadcrumbs jet-blocks\">\n\t\t<div class=\"jet-breadcrumbs\">\n\t\t<div class=\"jet-breadcrumbs__content\">\n\t\t<div class=\"jet-breadcrumbs__wrap\"><div class=\"jet-breadcrumbs__item\"><a href=\"https:\/\/solar-co.be\/fr\/\" class=\"jet-breadcrumbs__item-link is-home\" rel=\"home\" title=\"Accueil\">Accueil<\/a><\/div>\n\t\t<\/div>\n\t\t<\/div>\n\t\t<\/div><\/div>\t\t\t\t<\/div>\n\t\t\t\t<\/div>\n\t\t\t\t\t<\/div>\n\t\t\t\t<\/div>\n\t\t<div class=\"elementor-element elementor-element-88ce700 e-flex e-con-boxed e-con e-parent\" data-id=\"88ce700\" data-element_type=\"container\" data-e-type=\"container\" data-settings=\"{&quot;background_background&quot;:&quot;classic&quot;,&quot;jet_parallax_layout_list&quot;:[]}\">\n\t\t\t\t\t<div class=\"e-con-inner\">\n\t\t\t\t<div class=\"elementor-element elementor-element-1fe99df3 elementor-invisible elementor-widget elementor-widget-heading\" data-id=\"1fe99df3\" data-element_type=\"widget\" data-e-type=\"widget\" data-settings=\"{&quot;_animation&quot;:&quot;fadeInUp&quot;}\" data-widget_type=\"heading.default\">\n\t\t\t\t\t<h1 class=\"elementor-heading-title elementor-size-default\">Cookies<\/h1>\t\t\t\t<\/div>\n\t\t\t\t\t<\/div>\n\t\t\t\t<\/div>\n\t\t<div class=\"elementor-element elementor-element-6d6ebe6 e-flex e-con-boxed e-con e-parent\" data-id=\"6d6ebe6\" data-element_type=\"container\" data-e-type=\"container\" data-settings=\"{&quot;jet_parallax_layout_list&quot;:[]}\">\n\t\t\t\t\t<div class=\"e-con-inner\">\n\t\t\t\t<div class=\"elementor-element elementor-element-d3f14e8 elementor-widget elementor-widget-html\" data-id=\"d3f14e8\" data-element_type=\"widget\" data-e-type=\"widget\" data-widget_type=\"html.default\">\n\t\t\t\t\t<p><strong>Derni\u00e8re modification : 10\/01\/2025<\/strong><\/p>\n\n<p>\n  Cette politique en mati\u00e8re de cookies explique ce que sont les cookies, quels types de cookies Solarco BV (<strong>\"Solarco\"<\/strong>, \n  <strong>\"nous\"<\/strong> ou <strong>\"nous\"<\/strong>) sur son site internet (<strong>www.solar-co.be<\/strong>) utilis\u00e9s\n  et pourquoi nous les utilisons. Nous d\u00e9crivons \u00e9galement comment g\u00e9rer et d\u00e9sactiver les cookies si vous le souhaitez.\n<\/p>\n\n<h2>1. Qu'est-ce qu'un cookie ?<\/h2>\n<p>\n  Les cookies sont de petits fichiers texte plac\u00e9s sur votre ordinateur ou votre appareil mobile par un site web\n  lorsque vous visitez le site. Ils sont largement utilis\u00e9s pour am\u00e9liorer le fonctionnement ou l'efficacit\u00e9 des sites web\n  et pour fournir des informations aux propri\u00e9taires de sites web.\n<\/p>\n\n<h2>2. Pourquoi utilisons-nous des cookies ?<\/h2>\n<p>\n  Nous utilisons des cookies pour :\n<\/p>\n<ul>\n  <li>Am\u00e9liorer la fonctionnalit\u00e9 et les performances de notre site web ;<\/li>\n  <li>M\u00e9morisation de vos pr\u00e9f\u00e9rences (choix de la langue, par exemple) ;<\/li>\n  <li>Pour pouvoir r\u00e9aliser des statistiques et des analyses concernant l'utilisation de notre site web ;<\/li>\n  <li>Afficher \u00e9ventuellement un contenu personnalis\u00e9 et\/ou des publicit\u00e9s.<\/li>\n<\/ul>\n<p>\n  En installant des cookies, le site web peut vous reconna\u00eetre lors de votre prochaine visite, ce qui rend votre exp\u00e9rience d'utilisateur plus personnelle et plus facile.\n  l'exp\u00e9rience de l'utilisateur devient plus personnelle et plus facile.  \n<\/p>\n\n<h2>3. Quels types de cookies utilisons-nous ?<\/h2>\n<p>\n  Vous trouverez ci-dessous un aper\u00e7u des diff\u00e9rents types de cookies que nous utilisons sur notre site web.\n  Vous pouvez d\u00e9cider d'accepter ou de refuser certains cookies. Veuillez noter que certaines parties\n  du site web peuvent ne pas fonctionner (correctement) si vous d\u00e9sactivez les cookies.\n<\/p>\n\n<p>\n  <em>Ici, vous pouvez ins\u00e9rer un tableau ou un aper\u00e7u des cookies sp\u00e9cifiques que vous utilisez. Sp\u00e9cifiez pour chaque cookie :<\/em><br>\n  <strong>Nom du cookie, Type de cookie, Finalit\u00e9, Dur\u00e9e de conservation, Fournisseur<\/strong>\n<\/p>\n\n<div class= \"cky-audit-table-element\"><\/div>\n\n<h2>4. Comment g\u00e9rer et supprimer les cookies ?<\/h2>\n<p>\n  La plupart des navigateurs web acceptent automatiquement les cookies, mais offrent la possibilit\u00e9 de les bloquer ou de les supprimer.\n  les supprimer. La mani\u00e8re exacte de proc\u00e9der d\u00e9pend du navigateur que vous utilisez.  \n  Consultez la fonction d'aide de votre navigateur pour obtenir des instructions pr\u00e9cises. \n<\/p>\n<ul>\n  <li><strong>Google Chrome :<\/strong> <a href=\"https:\/\/support.google.com\/chrome\/answer\/95647\" target=\"_blank\" rel=\"noopener\">Instructions<\/a><\/li>\n  <li><strong>Mozilla Firefox :<\/strong> <a href=\"https:\/\/support.mozilla.org\/nl\/kb\/cookies-instellen-voorkeuren\" target=\"_blank\" rel=\"noopener\">Instructions<\/a><\/li>\n  <li><strong>Safari (Apple) :<\/strong> <a href=\"https:\/\/support.apple.com\/nl-nl\/guide\/safari\/sfri11471\/mac\" target=\"_blank\" rel=\"noopener\">Instructions<\/a><\/li>\n  <li><strong>Microsoft Edge :<\/strong> <a href=\"https:\/\/support.microsoft.com\/nl-nl\/topic\/verwijder-browsegegevens-in-microsoft-edge-7d89674b-dc7a-4763-915e-2bc7f4e8fc72\" target=\"_blank\" rel=\"noopener\">Instructions<\/a><\/li>\n<\/ul>\n<p>\n  Veuillez noter que si vous bloquez ou supprimez certains cookies,\n  notre site web peut ne pas fonctionner de mani\u00e8re optimale et certaines fonctionnalit\u00e9s peuvent ne pas \u00eatre disponibles.\n<\/p>\n\n<h2>5. Cookies de tiers<\/h2>\n<p>\n  Dans certains cas, nous utilisons des services tiers qui installent \u00e9galement des cookies\n  appel\u00e9s \"cookies de tiers\". Ces cookies sont utilis\u00e9s pour charger du contenu externe (par exemple, des vid\u00e9os YouTube ou des fonctions de m\u00e9dias sociaux) ou pour collecter des donn\u00e9es analytiques.\n  vid\u00e9os YouTube ou fonctions de m\u00e9dias sociaux) \u00e0 charger ou \u00e0 collecter des donn\u00e9es analytiques.\n<\/p>\n<p>\n  Nous n'avons aucun contr\u00f4le sur ces cookies et nous vous recommandons de consulter les politiques de confidentialit\u00e9 et de cookies de ces tiers pour plus d'informations sur la mani\u00e8re dont ils traitent vos donn\u00e9es.\n  de ces tiers pour plus d'informations sur la mani\u00e8re dont ils traitent vos donn\u00e9es.\n<\/p>\n\n<h2>6. Mises \u00e0 jour ou modifications<\/h2>\n<p>\n  Nous pouvons mettre \u00e0 jour la pr\u00e9sente politique en mati\u00e8re de cookies de temps \u00e0 autre pour refl\u00e9ter les changements de lois ou de r\u00e9glementations\n  ou des changements dans notre mode de fonctionnement. La date de la derni\u00e8re mise \u00e0 jour\n  est indiqu\u00e9e en haut de la page. Nous vous encourageons \u00e0 consulter r\u00e9guli\u00e8rement cette page afin d'\u00eatre au courant de tout changement.\n  de tout changement.\n<\/p>\n\n<h2>7. Contact<\/h2>\n<p>\n  Vous avez des questions sur notre politique en mati\u00e8re de cookies ou vous souhaitez en savoir plus sur la mani\u00e8re dont nous utilisons les cookies ?\n  Dans ce cas, n'h\u00e9sitez pas \u00e0 nous contacter :\n<\/p>\n<ul>\n  <li><strong>E-mail :<\/strong> <a href=\"mailto:info@solar-co.be\">info@solar-co.be<\/a><\/li>\n  <li><strong>T\u00e9l\u00e9phone :<\/strong> +32 480 616848<\/li>\n  <li><strong>Adresse :<\/strong> Frame21 Business Center, Diamantstraat 8\/259, 2200 Herentals - Flandres, Belgique<\/li>\n<\/ul>\n<p>\n  En utilisant notre site web, vous acceptez la pr\u00e9sente politique en mati\u00e8re de cookies et vous nous autorisez (ainsi que tout tiers) \u00e0 installer et \u00e0 lire des cookies, sauf si vous avez d\u00e9sactiv\u00e9 les cookies.\n  tiers) l'autorisation d'installer et de lire des cookies, \u00e0 moins que vous n'ayez d\u00e9sactiv\u00e9 les cookies dans les param\u00e8tres de votre navigateur.\n  dans les param\u00e8tres de votre navigateur.\n<\/p>\n\t\t\t\t<\/div>\n\t\t\t\t\t<\/div>\n\t\t\t\t<\/div>\n\t\t\t\t<\/div>","protected":false},"excerpt":{"rendered":"<p>Home Cookies Laatst gewijzigd: 10\/01\/2025 Deze Cookie Policy legt uit wat cookies zijn, welke soorten cookies Solarco BV (\u201cSolarco\u201d, \u201cwij\u201d of \u201cons\u201d) op haar website (www.solar-co.be) gebruikt en waarom wij deze gebruiken. We beschrijven ook hoe je cookies kunt beheren en uitschakelen wanneer je dat wenst. 1. Wat zijn cookies? Cookies zijn kleine tekstbestanden die [&hellip;]<\/p>\n","protected":false},"author":1,"featured_media":0,"parent":0,"menu_order":0,"comment_status":"closed","ping_status":"closed","template":"","meta":{"footnotes":""},"class_list":["post-77","page","type-page","status-publish","hentry"],"_links":{"self":[{"href":"https:\/\/solar-co.be\/fr\/wp-json\/wp\/v2\/pages\/77","targetHints":{"allow":["GET"]}}],"collection":[{"href":"https:\/\/solar-co.be\/fr\/wp-json\/wp\/v2\/pages"}],"about":[{"href":"https:\/\/solar-co.be\/fr\/wp-json\/wp\/v2\/types\/page"}],"author":[{"embeddable":true,"href":"https:\/\/solar-co.be\/fr\/wp-json\/wp\/v2\/users\/1"}],"replies":[{"embeddable":true,"href":"https:\/\/solar-co.be\/fr\/wp-json\/wp\/v2\/comments?post=77"}],"version-history":[{"count":0,"href":"https:\/\/solar-co.be\/fr\/wp-json\/wp\/v2\/pages\/77\/revisions"}],"wp:attachment":[{"href":"https:\/\/solar-co.be\/fr\/wp-json\/wp\/v2\/media?parent=77"}],"curies":[{"name":"wp","href":"https:\/\/api.w.org\/{rel}","templated":true}]}}