{"id":77,"date":"2024-12-28T15:06:40","date_gmt":"2024-12-28T14:06:40","guid":{"rendered":"https:\/\/solar-co.be\/?page_id=77"},"modified":"2025-01-10T20:17:57","modified_gmt":"2025-01-10T19:17:57","slug":"cookies","status":"publish","type":"page","link":"https:\/\/solar-co.be\/de\/cookies\/","title":{"rendered":"Cookies"},"content":{"rendered":"<div data-elementor-type=\"wp-page\" data-elementor-id=\"77\" class=\"elementor elementor-77\" data-elementor-post-type=\"page\">\n\t\t\t\t<div class=\"elementor-element elementor-element-5d6ba5d2 e-flex e-con-boxed e-con e-parent\" data-id=\"5d6ba5d2\" data-element_type=\"container\" data-e-type=\"container\" data-settings=\"{&quot;background_background&quot;:&quot;classic&quot;,&quot;jet_parallax_layout_list&quot;:[]}\">\n\t\t\t\t\t<div class=\"e-con-inner\">\n\t\t\t\t<div class=\"elementor-element elementor-element-7300a4bc elementor-widget elementor-widget-jet-breadcrumbs\" data-id=\"7300a4bc\" data-element_type=\"widget\" data-e-type=\"widget\" data-widget_type=\"jet-breadcrumbs.default\">\n\t\t\t\t<div class=\"elementor-widget-container\">\n\t\t\t\t\t<div class=\"elementor-jet-breadcrumbs jet-blocks\">\n\t\t<div class=\"jet-breadcrumbs\">\n\t\t<div class=\"jet-breadcrumbs__content\">\n\t\t<div class=\"jet-breadcrumbs__wrap\"><div class=\"jet-breadcrumbs__item\"><a href=\"https:\/\/solar-co.be\/de\/\" class=\"jet-breadcrumbs__item-link is-home\" rel=\"home\" title=\"Startseite\">Startseite<\/a><\/div>\n\t\t<\/div>\n\t\t<\/div>\n\t\t<\/div><\/div>\t\t\t\t<\/div>\n\t\t\t\t<\/div>\n\t\t\t\t\t<\/div>\n\t\t\t\t<\/div>\n\t\t<div class=\"elementor-element elementor-element-88ce700 e-flex e-con-boxed e-con e-parent\" data-id=\"88ce700\" data-element_type=\"container\" data-e-type=\"container\" data-settings=\"{&quot;background_background&quot;:&quot;classic&quot;,&quot;jet_parallax_layout_list&quot;:[]}\">\n\t\t\t\t\t<div class=\"e-con-inner\">\n\t\t\t\t<div class=\"elementor-element elementor-element-1fe99df3 elementor-invisible elementor-widget elementor-widget-heading\" data-id=\"1fe99df3\" data-element_type=\"widget\" data-e-type=\"widget\" data-settings=\"{&quot;_animation&quot;:&quot;fadeInUp&quot;}\" data-widget_type=\"heading.default\">\n\t\t\t\t\t<h1 class=\"elementor-heading-title elementor-size-default\">Cookies<\/h1>\t\t\t\t<\/div>\n\t\t\t\t\t<\/div>\n\t\t\t\t<\/div>\n\t\t<div class=\"elementor-element elementor-element-6d6ebe6 e-flex e-con-boxed e-con e-parent\" data-id=\"6d6ebe6\" data-element_type=\"container\" data-e-type=\"container\" data-settings=\"{&quot;jet_parallax_layout_list&quot;:[]}\">\n\t\t\t\t\t<div class=\"e-con-inner\">\n\t\t\t\t<div class=\"elementor-element elementor-element-d3f14e8 elementor-widget elementor-widget-html\" data-id=\"d3f14e8\" data-element_type=\"widget\" data-e-type=\"widget\" data-widget_type=\"html.default\">\n\t\t\t\t\t<p><strong>Zuletzt ge\u00e4ndert: 10.01.2025<\/strong><\/p>\n\n<p>\n  Diese Cookie-Richtlinie erkl\u00e4rt, was Cookies sind, welche Arten von Cookies Solarco BV (<strong>\u201cSolarco\u201d<\/strong>, \n  <strong>\u201cwir\u201d<\/strong> oder <strong>\u201cunsere\u201d<\/strong>) auf ihrer Website (<strong>www.solar-co.be<\/strong>) verwendet werden und warum wir sie verwenden. Wir beschreiben auch, wie Sie Cookies verwalten und deaktivieren k\u00f6nnen, wenn Sie dies w\u00fcnschen.\n<\/p>\n\n<h2>1. Was sind Cookies?<\/h2>\n<p>\n  Cookies sind kleine Textdateien, die von einer Website auf Ihrem Computer oder Mobilger\u00e4t gespeichert werden, wenn Sie die Website besuchen. Sie werden h\u00e4ufig verwendet, um Websites funktionsf\u00e4hig zu machen oder effizienter zu gestalten und um den Website-Betreibern Informationen zur Verf\u00fcgung zu stellen.\n<\/p>\n\n<h2>2. Warum verwenden wir Cookies?<\/h2>\n<p>\n  Wir verwenden Cookies, um:\n<\/p>\n<ul>\n  <li>Die Funktionalit\u00e4t und Leistung unserer Website zu verbessern;<\/li>\n  <li>Ihre Pr\u00e4ferenzen zu speichern (z. B. Sprachauswahl);<\/li>\n  <li>Statistiken und Analysen in Bezug auf die Nutzung unserer Website durchzuf\u00fchren;<\/li>\n  <li>Eventuell personalisierte Inhalte und\/oder Werbung anzeigen.<\/li>\n<\/ul>\n<p>\n  Durch das Setzen von Cookies kann die Website Sie bei Ihrem n\u00e4chsten Besuch wiedererkennen, wodurch Ihre Benutzererfahrung pers\u00f6nlicher und einfacher wird.  \n<\/p>\n\n<h2>3. Welche Arten von Cookies verwenden wir?<\/h2>\n<p>\n  Nachstehend finden Sie eine \u00dcbersicht \u00fcber die verschiedenen Arten von Cookies, die wir auf unserer Website verwenden. Sie k\u00f6nnen selbst entscheiden, ob Sie bestimmte Cookies akzeptieren oder ablehnen m\u00f6chten. Bitte beachten Sie, dass einige Teile der Website m\u00f6glicherweise nicht (richtig) funktionieren, wenn Sie Cookies deaktivieren.\n<\/p>\n\n<p>\n  <em>Hier k\u00f6nnen Sie eine Tabelle oder \u00dcbersicht mit den spezifischen Cookies einf\u00fcgen, die Sie verwenden. Geben Sie f\u00fcr jedes Cookie Folgendes an:<\/em><br>\n  <strong>Cookie-Name, Cookie-Typ, Zweck, Speicherdauer, Anbieter<\/strong>\n<\/p>\n\n<div class= \"cky-audit-table-element\"><\/div>\n\n<h2>4. Wie verwaltet und l\u00f6scht man Cookies?<\/h2>\n<p>\n  Die meisten Webbrowser akzeptieren Cookies automatisch, bieten jedoch die M\u00f6glichkeit, sie zu blockieren oder zu l\u00f6schen. Wie Sie dies genau tun, h\u00e4ngt vom verwendeten Browser ab. Genaue Anweisungen finden Sie in der Hilfefunktion Ihres Browsers. \n<\/p>\n<ul>\n  <li><strong>Google Chrome:<\/strong> <a href=\"https:\/\/support.google.com\/chrome\/answer\/95647\" target=\"_blank\" rel=\"noopener\">Anweisungen<\/a><\/li>\n  <li><strong>Mozilla Firefox:<\/strong> <a href=\"https:\/\/support.mozilla.org\/nl\/kb\/cookies-instellen-voorkeuren\" target=\"_blank\" rel=\"noopener\">Anweisungen<\/a><\/li>\n  <li><strong>Safari (Apple):<\/strong> <a href=\"https:\/\/support.apple.com\/nl-nl\/guide\/safari\/sfri11471\/mac\" target=\"_blank\" rel=\"noopener\">Anweisungen<\/a><\/li>\n  <li><strong>Microsoft Edge:<\/strong> <a href=\"https:\/\/support.microsoft.com\/nl-nl\/topic\/verwijder-browsegegevens-in-microsoft-edge-7d89674b-dc7a-4763-915e-2bc7f4e8fc72\" target=\"_blank\" rel=\"noopener\">Anweisungen<\/a><\/li>\n<\/ul>\n<p>\n  Bitte beachten Sie, dass unsere Website m\u00f6glicherweise nicht optimal funktioniert und einige Funktionen nicht verf\u00fcgbar sind, wenn Sie bestimmte Cookies blockieren oder l\u00f6schen.\n<\/p>\n\n<h2>5. Cookies von Dritten<\/h2>\n<p>\n  In einigen F\u00e4llen nutzen wir externe Dienste, die ebenfalls Cookies setzen, sogenannte \u201cDrittanbieter-Cookies\u201d. Diese Cookies werden verwendet, um externe Inhalte (z. B. YouTube-Videos oder Social-Media-Funktionen) zu laden oder um analytische Daten zu sammeln.\n<\/p>\n<p>\n  Wir haben keine Kontrolle \u00fcber diese Cookies und empfehlen Ihnen, die Datenschutz- und Cookie-Richtlinien dieser Drittanbieter zu konsultieren, um weitere Informationen dar\u00fcber zu erhalten, wie diese Ihre Daten verarbeiten.\n<\/p>\n\n<h2>6. Aktualisierungen oder \u00c4nderungen<\/h2>\n<p>\n  Wir k\u00f6nnen diese Cookie-Richtlinie von Zeit zu Zeit aktualisieren, um \u00c4nderungen in Gesetzen oder Vorschriften oder \u00c4nderungen in unserer Arbeitsweise Rechnung zu tragen. Das Datum der letzten \u00c4nderung ist oben angegeben. Wir empfehlen Ihnen, diese Seite regelm\u00e4\u00dfig zu \u00fcberpr\u00fcfen, damit Sie \u00fcber etwaige \u00c4nderungen auf dem Laufenden bleiben.\n<\/p>\n\n<h2>7. Kontakt<\/h2>\n<p>\n  Haben Sie Fragen zu unserer Cookie-Richtlinie oder m\u00f6chten Sie mehr dar\u00fcber erfahren, wie wir Cookies einsetzen? Dann kontaktieren Sie uns bitte:\n<\/p>\n<ul>\n  <li><strong>E-Mail:<\/strong> <a href=\"mailto:info@solar-co.be\">info@solar-co.be<\/a><\/li>\n  <li><strong>Telefon:<\/strong> +32 480 616848<\/li>\n  <li><strong>Adresse:<\/strong> Frame21 Business Center, Diamantstraat 8\/259, 2200 Herentals \u2013 Flandern, Belgien<\/li>\n<\/ul>\n<p>\n  Durch die Nutzung unserer Website stimmen Sie dieser Cookie-Richtlinie zu und erteilen uns (und gegebenenfalls Dritten) die Erlaubnis, Cookies zu platzieren und auszulesen, es sei denn, Sie haben Cookies in Ihren Browsereinstellungen deaktiviert.\n<\/p>\n\t\t\t\t<\/div>\n\t\t\t\t\t<\/div>\n\t\t\t\t<\/div>\n\t\t\t\t<\/div>","protected":false},"excerpt":{"rendered":"<p>Home Cookies Laatst gewijzigd: 10\/01\/2025 Deze Cookie Policy legt uit wat cookies zijn, welke soorten cookies Solarco BV (\u201cSolarco\u201d, \u201cwij\u201d of \u201cons\u201d) op haar website (www.solar-co.be) gebruikt en waarom wij deze gebruiken. We beschrijven ook hoe je cookies kunt beheren en uitschakelen wanneer je dat wenst. 1. Wat zijn cookies? Cookies zijn kleine tekstbestanden die [&hellip;]<\/p>\n","protected":false},"author":1,"featured_media":0,"parent":0,"menu_order":0,"comment_status":"closed","ping_status":"closed","template":"","meta":{"footnotes":""},"class_list":["post-77","page","type-page","status-publish","hentry"],"_links":{"self":[{"href":"https:\/\/solar-co.be\/de\/wp-json\/wp\/v2\/pages\/77","targetHints":{"allow":["GET"]}}],"collection":[{"href":"https:\/\/solar-co.be\/de\/wp-json\/wp\/v2\/pages"}],"about":[{"href":"https:\/\/solar-co.be\/de\/wp-json\/wp\/v2\/types\/page"}],"author":[{"embeddable":true,"href":"https:\/\/solar-co.be\/de\/wp-json\/wp\/v2\/users\/1"}],"replies":[{"embeddable":true,"href":"https:\/\/solar-co.be\/de\/wp-json\/wp\/v2\/comments?post=77"}],"version-history":[{"count":0,"href":"https:\/\/solar-co.be\/de\/wp-json\/wp\/v2\/pages\/77\/revisions"}],"wp:attachment":[{"href":"https:\/\/solar-co.be\/de\/wp-json\/wp\/v2\/media?parent=77"}],"curies":[{"name":"wp","href":"https:\/\/api.w.org\/{rel}","templated":true}]}}