{"id":3,"date":"2024-12-23T09:54:03","date_gmt":"2024-12-23T09:54:03","guid":{"rendered":"http:\/\/solar-co.be\/?page_id=3"},"modified":"2025-01-10T20:14:15","modified_gmt":"2025-01-10T19:14:15","slug":"datenschutzerklarung","status":"publish","type":"page","link":"https:\/\/solar-co.be\/de\/privacy-beleid\/","title":{"rendered":"Datenschutzerkl\u00e4rung"},"content":{"rendered":"<div data-elementor-type=\"wp-page\" data-elementor-id=\"3\" class=\"elementor elementor-3\" data-elementor-post-type=\"page\">\n\t\t\t\t<div class=\"elementor-element elementor-element-54662f38 e-flex e-con-boxed e-con e-parent\" data-id=\"54662f38\" data-element_type=\"container\" data-e-type=\"container\" data-settings=\"{&quot;background_background&quot;:&quot;classic&quot;,&quot;jet_parallax_layout_list&quot;:[]}\">\n\t\t\t\t\t<div class=\"e-con-inner\">\n\t\t\t\t<div class=\"elementor-element elementor-element-17b13973 elementor-widget elementor-widget-jet-breadcrumbs\" data-id=\"17b13973\" data-element_type=\"widget\" data-e-type=\"widget\" data-widget_type=\"jet-breadcrumbs.default\">\n\t\t\t\t<div class=\"elementor-widget-container\">\n\t\t\t\t\t<div class=\"elementor-jet-breadcrumbs jet-blocks\">\n\t\t<div class=\"jet-breadcrumbs\">\n\t\t<div class=\"jet-breadcrumbs__content\">\n\t\t<div class=\"jet-breadcrumbs__wrap\"><div class=\"jet-breadcrumbs__item\"><a href=\"https:\/\/solar-co.be\/de\/\" class=\"jet-breadcrumbs__item-link is-home\" rel=\"home\" title=\"Startseite\">Startseite<\/a><\/div>\n\t\t<\/div>\n\t\t<\/div>\n\t\t<\/div><\/div>\t\t\t\t<\/div>\n\t\t\t\t<\/div>\n\t\t\t\t\t<\/div>\n\t\t\t\t<\/div>\n\t\t<div class=\"elementor-element elementor-element-4bed9a5a e-flex e-con-boxed e-con e-parent\" data-id=\"4bed9a5a\" data-element_type=\"container\" data-e-type=\"container\" data-settings=\"{&quot;background_background&quot;:&quot;classic&quot;,&quot;jet_parallax_layout_list&quot;:[]}\">\n\t\t\t\t\t<div class=\"e-con-inner\">\n\t\t\t\t<div class=\"elementor-element elementor-element-303c00d7 elementor-invisible elementor-widget elementor-widget-heading\" data-id=\"303c00d7\" data-element_type=\"widget\" data-e-type=\"widget\" data-settings=\"{&quot;_animation&quot;:&quot;fadeInUp&quot;}\" data-widget_type=\"heading.default\">\n\t\t\t\t\t<h1 class=\"elementor-heading-title elementor-size-default\">Datenschutzerkl\u00e4rung<\/h1>\t\t\t\t<\/div>\n\t\t\t\t\t<\/div>\n\t\t\t\t<\/div>\n\t\t<div class=\"elementor-element elementor-element-a2d4f48 e-flex e-con-boxed e-con e-parent\" data-id=\"a2d4f48\" data-element_type=\"container\" data-e-type=\"container\" data-settings=\"{&quot;jet_parallax_layout_list&quot;:[]}\">\n\t\t\t\t\t<div class=\"e-con-inner\">\n\t\t\t\t<div class=\"elementor-element elementor-element-a453ab4 elementor-widget elementor-widget-html\" data-id=\"a453ab4\" data-element_type=\"widget\" data-e-type=\"widget\" data-widget_type=\"html.default\">\n\t\t\t\t\t<p><strong>Zuletzt ge\u00e4ndert: 10.01.2025<\/strong><\/p>\n\n<p>\n  Diese Datenschutzerkl\u00e4rung beschreibt, wie Solarco BV (<strong>\u201cwir\u201d<\/strong>, \n  <strong>\u201cunsere\u201d<\/strong> oder <strong>\u201cSolarco\u201d<\/strong>) personenbezogene Daten verarbeitet, die wir erfassen, wenn Sie unsere Website besuchen (<strong>www.solar-co.be<\/strong>) oder wenn Sie uns auf andere Weise personenbezogene Daten mitteilen (im Folgenden: \n  <strong>\u201cBenutzer\u201d<\/strong> oder <strong>\u201cdu\u201d<\/strong>\/<strong>\u201cSie\u201d<\/strong>).\n<\/p>\n\n<h2>1. Wer sind wir?<\/h2>\n<p>\n  Solarco BV hat seinen Sitz in:\n<\/p>\n<ul>\n  <li><strong>Adresse<\/strong>: Frame21 Business Center, Diamantstraat 8\/259, 2200 Herentals \u2013 Flandern, Belgien<\/li>\n  <li><strong>E-Mail<\/strong>: <a href=\"mailto:info@solar-co.be\">info@solar-co.be<\/a><\/li>\n  <li><strong>Telefon<\/strong>: +32 480 616848<\/li>\n<\/ul>\n<p>\n  Wir handeln als <strong>Verantwortlicher f\u00fcr die Verarbeitung<\/strong> im Sinne der Datenschutz-Grundverordnung (DSGVO \/ GDPR). Das bedeutet, dass wir bestimmen, welche personenbezogenen Daten erfasst werden, warum sie erfasst werden und wie sie verarbeitet werden.\n<\/p>\n\n<h2>2. Welche Daten erheben wir und warum?<\/h2>\n\n<h3>2.1 Daten, die Sie selbst bereitstellen<\/h3>\n<ul>\n  <li>\n    <strong>Kontakt- und Angebotsformulare<\/strong>: \u00dcber unsere Website k\u00f6nnen Sie Kontakt mit uns aufnehmen oder ein Angebot anfordern. Dazu bitten wir Sie um Angabe Ihres (Firmen-)Namens, Ihrer Telefonnummer und Ihrer E-Mail-Adresse. Wir verwenden diese Informationen, um:\n    <ol>\n      <li>Ihre Anfrage zu bearbeiten und Ihnen eine angemessene Antwort oder ein Angebot zukommen zu lassen.<\/li>\n      <li>Um Sie \u00fcber unsere Dienstleistungen zu informieren.<\/li>\n    <\/ol>\n    Wir verarbeiten diese Daten auf der Grundlage von:\n    <ul>\n      <li><strong>Zustimmung<\/strong>: Durch die Eingabe und \u00dcbermittlung Ihrer Daten erkl\u00e4ren Sie sich mit deren Verarbeitung einverstanden.<\/li>\n      <li><strong>Berechtigtes Interesse<\/strong>: Wir haben ein gesch\u00e4ftliches Interesse daran, eine Anfrage oder ein Angebotsgesuch bearbeiten und bearbeiten zu k\u00f6nnen.<\/li>\n    <\/ul>\n  <\/li>\n<\/ul>\n\n<h3>2.2 Automatisch erhobene Daten (nicht personenbezogene Daten)<\/h3>\n<p>\n  Dar\u00fcber hinaus k\u00f6nnen wir automatisch bestimmte Informationen \u00fcber die Nutzung der Website sammeln, wie z. B. Ihre IP-Adresse, den Browsertyp, die besuchten Seiten und die Zeiten Ihrer Besuche. Diese Informationen helfen uns:\n<\/p>\n<ul>\n  <li>Die Funktionalit\u00e4t und Benutzerfreundlichkeit der Website verbessern.<\/li>\n  <li>Statistiken und Analysen durchf\u00fchren, um die Leistung unserer Dienste zu bewerten.<\/li>\n<\/ul>\n<p>\n  Diese Daten werden in der Regel \u00fcber <strong>Cookies<\/strong>. Weitere Informationen zur Verwendung von Cookies finden Sie in unseren \n  <a href=\"https:\/\/solar-co.be\/de\/cookies\/\">Cookies-Seite<\/a>.\n<\/p>\n\n<h2>3. Zwecke der Verarbeitung<\/h2>\n<p>Wir verwenden Ihre personenbezogenen Daten ausschlie\u00dflich f\u00fcr folgende Zwecke:<\/p>\n<ol>\n  <li>\n    <strong>Erf\u00fcllung Ihrer Anfrage oder Ihres Antrags<\/strong><br>\n    Die Bearbeitung von Angebotsanfragen, Kontaktanfragen oder Bestellungen. Die Kontaktaufnahme aufgrund Ihrer Frage oder Anfrage.\n  <\/li>\n  <li>\n    <strong>Kommunikation und Kundenservice<\/strong><br>\n    Versenden von notwendigen (Service-)Mitteilungen, beispielsweise \u00fcber \u00c4nderungen unserer Dienstleistungen oder Allgemeinen Gesch\u00e4ftsbedingungen. Beantwortung von Fragen, Feedback oder Beschwerden.\n  <\/li>\n  <li>\n    <strong>Gesetzliche Verpflichtungen<\/strong><br>\n    Die Erf\u00fcllung der uns obliegenden administrativen, buchhalterischen und gesetzlichen Verpflichtungen.\n  <\/li>\n  <li>\n    <strong>Sicherheit und Optimierung<\/strong><br>\n    Schutz unserer Website und Dienste vor Missbrauch und Optimierung der Leistung und Benutzererfahrung auf unserer Website.\n  <\/li>\n<\/ol>\n<p>\n  Wir werden Ihre Daten <strong>nicht<\/strong> an Dritte weitergeben, es sei denn, dies ist f\u00fcr die Erbringung unserer Dienstleistungen erforderlich oder wir sind gesetzlich dazu verpflichtet.\n<\/p>\n\n<h2>4. Rechtsgrundlagen f\u00fcr die Verarbeitung<\/h2>\n<p>\n  Auf Grundlage der DSGVO st\u00fctzen wir unsere Datenverarbeitung auf eine oder mehrere der folgenden Rechtsgrundlagen:\n<\/p>\n<ul>\n  <li>\n    <strong>Durchf\u00fchrung eines Vertrags<\/strong>: bei einem (bevorstehenden) Vertrag mit Ihnen, beispielsweise wenn Sie ein Angebot anfordern.\n  <\/li>\n  <li>\n    <strong>Zustimmung<\/strong>: f\u00fcr die Verarbeitung von Daten, die Sie freiwillig \u00fcber unsere Website eingeben. Sie haben das Recht, diese Einwilligung jederzeit zu widerrufen.\n  <\/li>\n  <li>\n    <strong>Berechtigtes Interesse<\/strong>: um unsere Gesch\u00e4ftst\u00e4tigkeiten auszu\u00fcben, Dienstleistungen zu verbessern und mit (potenziellen) Kunden zu kommunizieren.\n  <\/li>\n  <li>\n    <strong>Gesetzliche Verpflichtung<\/strong>: wenn wir gesetzlich verpflichtet sind, bestimmte Daten zu speichern oder weiterzugeben.\n  <\/li>\n<\/ul>\n\n<h2>5. Aufbewahrungsfrist<\/h2>\n<p>\n  Wir speichern Ihre personenbezogenen Daten nicht l\u00e4nger, als es f\u00fcr die Zwecke, f\u00fcr die sie erhoben oder verwendet werden, erforderlich ist, es sei denn, es besteht eine gesetzliche Aufbewahrungspflicht. Die Aufbewahrungsfrist kann je nach Art der Daten und dem spezifischen Zweck variieren. Sobald die Daten nicht mehr ben\u00f6tigt werden, werden sie auf sichere Weise gel\u00f6scht oder anonymisiert.\n<\/p>\n\n<h2>6. Ihre Rechte<\/h2>\n<p>\n  Als betroffene Person innerhalb der EU haben Sie folgende Rechte in Bezug auf Ihre personenbezogenen Daten:\n<\/p>\n<ul>\n  <li><strong>Recht auf Einsichtnahme<\/strong>: Sie k\u00f6nnen fragen, welche personenbezogenen Daten wir von Ihnen verarbeiten, und eine Kopie davon erhalten.<\/li>\n  <li><strong>Recht auf Berichtigung<\/strong>: Wenn Ihre Daten unrichtig oder unvollst\u00e4ndig sind, k\u00f6nnen Sie uns bitten, diese zu korrigieren oder zu erg\u00e4nzen.<\/li>\n  <li><strong>Recht auf L\u00f6schung<\/strong> (\u201cRecht auf Vergessenwerden\u201d): Sie k\u00f6nnen uns auffordern, Ihre personenbezogenen Daten zu l\u00f6schen, wenn diese nicht mehr erforderlich sind oder wenn Sie Ihre Einwilligung widerrufen.<\/li>\n  <li><strong>Recht auf Einschr\u00e4nkung der Verarbeitung<\/strong>: In bestimmten F\u00e4llen k\u00f6nnen Sie die Verarbeitung Ihrer Daten vor\u00fcbergehend unterbrechen.<\/li>\n  <li><strong>Widerspruchsrecht<\/strong>: Sie k\u00f6nnen der Verarbeitung Ihrer personenbezogenen Daten widersprechen, beispielsweise f\u00fcr Direktmarketingzwecke.<\/li>\n  <li><strong>Recht auf \u00dcbertragbarkeit<\/strong>: Sie haben das Recht, die Daten, die Sie uns zur Verf\u00fcgung gestellt haben, in einem strukturierten und maschinenlesbaren Format zu erhalten und an eine andere Partei zu \u00fcbertragen.<\/li>\n  <li><strong>Recht auf Beschwerde<\/strong>: Wenn Sie der Meinung sind, dass wir mit Ihren personenbezogenen Daten nicht sorgf\u00e4ltig umgehen, k\u00f6nnen Sie eine Beschwerde bei der zust\u00e4ndigen Beh\u00f6rde einreichen (in Belgien ist dies die Datenschutzbeh\u00f6rde).<\/li>\n<\/ul>\n<p>\n  M\u00f6chten Sie eines dieser Rechte in Anspruch nehmen? Dann senden Sie bitte eine E-Mail an \n  <a href=\"mailto:info@solar-co.be\">info@solar-co.be<\/a>. Wir werden so schnell wie m\u00f6glich reagieren, in jedem Fall jedoch innerhalb der gesetzlichen Frist von einem Monat.\n<\/p>\n\n<h2>7. Sicherheit Ihrer Daten<\/h2>\n<p>\n  Wir ergreifen geeignete technische und organisatorische Ma\u00dfnahmen, um Missbrauch, Verlust, unbefugten Zugriff, unerw\u00fcnschte Offenlegung und unbefugte \u00c4nderung Ihrer personenbezogenen Daten zu verhindern. Dazu geh\u00f6ren sichere Netzwerkverbindungen und Zugriffsschutz. Trotz dieser Ma\u00dfnahmen kann keine Art der Daten\u00fcbertragung \u00fcber das Internet als 100 % sicher garantiert werden. Sie verstehen und akzeptieren, dass wir nicht f\u00fcr unrechtm\u00e4\u00dfigen Zugriff \u00fcber unsere Website verantwortlich gemacht werden k\u00f6nnen, der au\u00dferhalb unserer Kontrolle liegt.\n<\/p>\n\n<h2>8. Weitergabe von Daten an Dritte<\/h2>\n<p>\n  Wir geben Ihre Daten grunds\u00e4tzlich nicht an Dritte weiter, es sei denn:\n<\/p>\n<ul>\n  <li>Dies ist f\u00fcr die Erbringung unserer Dienstleistungen erforderlich (z. B. IT-Lieferanten).<\/li>\n  <li>Wir gesetzlich dazu verpflichtet sind (z. B. auf Anfrage von Beh\u00f6rden).<\/li>\n  <li>Sie haben ausdr\u00fccklich Ihre Zustimmung gegeben.<\/li>\n<\/ul>\n<p>\n  Mit Dritten, die personenbezogene Daten in unserem Auftrag verarbeiten, schlie\u00dfen wir einen \n  <strong>Verarbeitungsvertrag<\/strong> um ein gleiches Ma\u00df an Sicherheit und Vertraulichkeit zu gew\u00e4hrleisten.\n<\/p>\n\n<h2>9. Cookies<\/h2>\n<p>\n  F\u00fcr die Verwendung von Cookies verweisen wir Sie auf unsere separate \n  <a href=\"https:\/\/solar-co.be\/de\/cookies\/\">Cookies-Seite<\/a>. Dort finden Sie weitere Informationen dar\u00fcber, welche Cookies verwendet werden, zu welchen Zwecken und wie Sie darauf reagieren k\u00f6nnen.\n<\/p>\n\n<h2>10. \u00dcbermittlung au\u00dferhalb des EWR<\/h2>\n<p>\n  In einigen F\u00e4llen kann es erforderlich sein, personenbezogene Daten au\u00dferhalb des Europ\u00e4ischen Wirtschaftsraums (EWR) zu \u00fcbermitteln oder zu speichern. In diesem Fall stellen wir sicher, dass diese \u00dcbermittlung in \u00dcbereinstimmung mit der DSGVO erfolgt, beispielsweise durch die Verwendung von Standardvertragsklauseln oder durch die \u00dcberpr\u00fcfung, ob ein angemessenes Datenschutzniveau gew\u00e4hrleistet ist.\n<\/p>\n\n<h2>11. \u00c4nderungen dieser Datenschutzerkl\u00e4rung<\/h2>\n<p>\n  Wir behalten uns das Recht vor, diese Datenschutzerkl\u00e4rung von Zeit zu Zeit zu \u00e4ndern. \n  Wesentliche \u00c4nderungen werden sofort auf unserer Website sichtbar sein. Das Datum der letzten \u00c4nderung oben in dieser Datenschutzerkl\u00e4rung gibt an, wann zuletzt \u00c4nderungen vorgenommen wurden. Wir empfehlen Ihnen, diese Seite regelm\u00e4\u00dfig zu besuchen, damit Sie \u00fcber die aktuellste Version informiert bleiben.\n<\/p>\n\n<h2>12. Kontakt<\/h2>\n<p>\n  Haben Sie noch Fragen oder Anmerkungen zu dieser Datenschutzerkl\u00e4rung oder zur Verarbeitung Ihrer personenbezogenen Daten? Dann wenden Sie sich bitte an uns:\n<\/p>\n<ul>\n  <li><strong>E-Mail<\/strong>: <a href=\"mailto:info@solar-co.be\">info@solar-co.be<\/a><\/li>\n  <li><strong>Telefon<\/strong>: +32 480 616848<\/li>\n  <li><strong>Adresse<\/strong>: Frame21 Business Center, Diamantstraat 8\/259, 2200 Herentals \u2013 Flandern, Belgien<\/li>\n<\/ul>\n<p>\n  Wir helfen Ihnen gerne bei allen Fragen zum Datenschutz und zur Datenverarbeitung weiter.\n<\/p>\n\n<p>\n  Mit dieser Datenschutzerkl\u00e4rung hoffen wir, Ihnen Klarheit dar\u00fcber verschafft zu haben, wie wir bei Solarco mit Ihren personenbezogenen Daten umgehen. Durch den Besuch unserer Website und die Nutzung unserer Dienste erkl\u00e4ren Sie sich mit dem Inhalt dieser Erkl\u00e4rung einverstanden. Sollten Sie mit etwas nicht einverstanden sein oder eine Frage haben, kontaktieren Sie uns bitte \u2013 wir sind f\u00fcr Sie da!\n<\/p>\t\t\t\t<\/div>\n\t\t\t\t\t<\/div>\n\t\t\t\t<\/div>\n\t\t\t\t<\/div>","protected":false},"excerpt":{"rendered":"<p>Home Privacy beleid Laatst gewijzigd: 10\/01\/2025 Deze Privacy Policy beschrijft hoe Solarco BV (\u201cwij\u201d, \u201cons\u201d of \u201cSolarco\u201d) persoonsgegevens verwerkt die wij verzamelen wanneer je onze website bezoekt (www.solar-co.be) of wanneer je op andere wijze persoonsgegevens met ons deelt (hierna: \u201cGebruikers\u201d of \u201cjij\u201d\/\u201cu\u201d). 1. Wie zijn wij? Solarco BV is gevestigd te: Adres: Frame21 Business Center, [&hellip;]<\/p>\n","protected":false},"author":1,"featured_media":0,"parent":0,"menu_order":0,"comment_status":"closed","ping_status":"open","template":"","meta":{"footnotes":""},"class_list":["post-3","page","type-page","status-publish","hentry"],"_links":{"self":[{"href":"https:\/\/solar-co.be\/de\/wp-json\/wp\/v2\/pages\/3","targetHints":{"allow":["GET"]}}],"collection":[{"href":"https:\/\/solar-co.be\/de\/wp-json\/wp\/v2\/pages"}],"about":[{"href":"https:\/\/solar-co.be\/de\/wp-json\/wp\/v2\/types\/page"}],"author":[{"embeddable":true,"href":"https:\/\/solar-co.be\/de\/wp-json\/wp\/v2\/users\/1"}],"replies":[{"embeddable":true,"href":"https:\/\/solar-co.be\/de\/wp-json\/wp\/v2\/comments?post=3"}],"version-history":[{"count":0,"href":"https:\/\/solar-co.be\/de\/wp-json\/wp\/v2\/pages\/3\/revisions"}],"wp:attachment":[{"href":"https:\/\/solar-co.be\/de\/wp-json\/wp\/v2\/media?parent=3"}],"curies":[{"name":"wp","href":"https:\/\/api.w.org\/{rel}","templated":true}]}}